{"id":7,"date":"2021-02-27T08:12:29","date_gmt":"2021-02-27T08:12:29","guid":{"rendered":"https:\/\/zeus-senjar.hr\/web2\/?page_id=7"},"modified":"2021-03-17T09:10:19","modified_gmt":"2021-03-17T09:10:19","slug":"o-nama","status":"publish","type":"page","link":"https:\/\/zeus-senjar.hr\/web2\/index.php\/o-nama\/","title":{"rendered":"O nama"},"content":{"rendered":"<div>\n<div>\n<article data-wow-delay=\"0ms\" data-wow-duration=\"1500ms\">\n<h3>ZA\u0160TITARSKO-EKOLO\u0160KA UDRUGA\u00a0SENJAR<\/h3>\n<p>\u010cuvamo prirodu od 1999. godine<\/p>\n<div>\n<p>Djelujemo na podru\u010dju za\u0161tite prirode i odr\u017eivog razvoja<\/p>\n<\/div>\n<ul>\n<li>Ekologija<\/li>\n<li>Kultura i umjetnost<\/li>\n<li>Recikliranje<\/li>\n<li>O\u010duvanje rijeka<\/li>\n<li>Odr\u017eivost<\/li>\n<\/ul>\n<\/article>\n<h3 data-wow-delay=\"0ms\" data-wow-duration=\"1500ms\">O ZeuS-u<\/h3>\n<\/div>\n<\/div>\n<div class=\"row clearfix\">\n<p>Za\u0161titarsko-ekolo\u0161ka udruga \u02ddSenjar\u02dd (u daljnjem tekstu ZEUS) osnovana je 7. o\u017eujka 1999. godine kao nevladina, neprofitna organizacija s podru\u010dja za\u0161tite okoli\u0161a. U lokalnim okvirima jedina je vrlo aktivna i konkretna organizacija s glavnim fokusom na za\u0161titu okoli\u0161a. Tiskanjem internog mjese\u010dnika, vlastitom radio emisijom i u\u010destalim pojavljivanjem u lokalnim novinama u samim po\u010decima \u0161irila je ekolo\u0161ku svijest na podru\u010dju Donjeg Me\u0111imurja i bli\u017ee Podravine. Organiziranjem aktivnog provo\u0111enja slobodnog vremena za mlade daje toliko \u017eeljenu ravnote\u017eu i odbija mlade od boravka mladih u zadimljenim prostorima ili zatvorenih u vlastitu konformnu zonu pred ra\u010dunala i u\u017eivljenih u virtualni svijet.<\/p>\n<p>Tako\u0111er apelima poma\u017ee borbu protiv ovisnosti i uzimanja droge. ZEUS okuplja pedesetak \u010dlanova, ljudi razli\u010ditih dobnih skupina koji \u017eele u\u010diniti ljep\u0161e sutra. Nastavkom vrlo aktivnog djelovanja pridobija i \u010dlanove iz susjednih mjesta Kotoribe, Donjeg Vidovca, Svete Marije, Cirkovljana i Palinovca, Podravske Selnice, Koprivnice i Legrada. ZEUS organizira izlo\u017ebe umjetni\u010dkih radova mla\u0111ih i neafirmiranih umjetnika. ZEUS organizira \u0161kolu u prirodi. Predla\u017ee nove prirodne ljepote za za\u0161titu, pronalazi nova stani\u0161ta rijetkih i ugro\u017eenih biljnih i \u017eivotinjskih vrsta (Myricaria germanica \u2013 kebra\u010d), kreira turisti\u010dke eko-staze, istra\u017euje i prou\u010dava preostale vodotoke, potoke i jezerca, \u0161umarke, \u0161umske areale i naplavna podru\u010dja te radi ekolo\u0161ko vrednovanje prostora.<\/p>\n<p>Povezuje se s lokalnim stanovni\u0161tvom i educira djecu iz osnovnih \u0161kola. Zna\u010dajan je i vi\u0161egodi\u0161nji monitoring pti\u010djih vrsta Me\u0111imurja koji radimo u suradnji s Dru\u0161tvom za opa\u017eanje i prou\u010davanje ptica Slovenije (DOPPS) i javnom ustanovom Park prirode Kopa\u010dki rit. Nadalje, sura\u0111ujemo sa svjetskim fondom za\u0161tite prirode WWF-om, REC-om i Euronaturom. Za svoje dosada\u0161nje djelovanje primili smo brojna priznanja, od kojih izdvajamo Nagradu za posebne aktivnosti u za\u0161titi okoli\u0161a Ministarstva za\u0161tite okoli\u0161a i prostornog ure\u0111enja RH 2001. godine.<\/p>\n<p>Godine 2020. dodijeljen nam je projekt uspostavljanja i izgradnje prve pou\u010dne staze u Donjem Me\u0111imurju pod nazivom &#8220;Vrata Pa\u017euta&#8221;.<\/p>\n<h3>Na\u0161 tim<\/h3>\n<table class=\" aligncenter\" style=\"width: 100%;\" border=\"0\">\n<tbody>\n<tr style=\"height: 237px;\">\n<td style=\"width: 33%; text-align: center; height: 237px;\"><\/td>\n<td style=\"width: 33%; text-align: center; height: 237px;\"><\/td>\n<td style=\"width: 33%; text-align: center; height: 237px;\"><a href=\"https:\/\/zeus-senjar.hr\/web2\/wp-content\/uploads\/2021\/02\/tim-goran.jpg\"><img loading=\"lazy\" class=\"aligncenter size-full wp-image-563\" src=\"https:\/\/zeus-senjar.hr\/web2\/wp-content\/uploads\/2021\/02\/tim-goran.jpg\" alt=\"\" width=\"270\" height=\"230\" \/><\/a><\/td>\n<\/tr>\n<tr style=\"height: 30px;\">\n<td style=\"width: 33%; text-align: center; height: 30px;\"><span style=\"font-size: 20px;\"><strong>\u00a0ANA PERC<\/strong><\/span><\/td>\n<td style=\"width: 33%; text-align: center; height: 30px;\"><span style=\"font-size: 20px;\"><strong>ANDREA VAGAJ<\/strong><\/span><\/td>\n<td style=\"width: 33%; text-align: center; height: 30px;\"><span style=\"font-size: 20px;\"><strong>GORAN \u010cI\u017dME\u0160IJA<\/strong><\/span><\/td>\n<\/tr>\n<tr style=\"height: 24.3125px;\">\n<td style=\"width: 33%; text-align: center; height: 24.3125px;\"><span style=\"color: #81a519; font-size: 16px;\"><strong>predsjednica<\/strong><\/span><\/td>\n<td style=\"width: 33%; text-align: center; height: 24.3125px;\"><span style=\"color: #81a519; font-size: 16px;\"><strong>dopredsjednica<\/strong><\/span><\/td>\n<td style=\"width: 33%; text-align: center; height: 24.3125px;\"><span style=\"color: #81a519; font-size: 16px;\"><strong>tajnik<\/strong><\/span><\/td>\n<\/tr>\n<tr style=\"height: 24px;\">\n<td style=\"width: 33%; text-align: center; height: 24px;\"><span style=\"font-size: 16px;\"><a href=\"mailto:anaperc78@gmail.com\">e- mail<\/a><\/span><\/td>\n<td style=\"width: 33%; text-align: center; height: 24px;\"><span style=\"font-size: 16px;\"><a href=\"mailto:vagaj.andrea@gmail.com\">e-mail\u00a0<\/a><\/span><\/td>\n<td style=\"width: 33%; text-align: center; height: 24px;\"><span style=\"font-size: 16px;\"><a href=\"mailto:gcizmesija@gmail.com\">e-mail<\/a><\/span><\/td>\n<\/tr>\n<tr style=\"height: 24px;\">\n<td style=\"width: 33%; text-align: center; height: 24px;\"><\/td>\n<td style=\"width: 33%; text-align: center; height: 24px;\"><\/td>\n<td style=\"width: 33%; text-align: center; height: 24px;\"><span style=\"font-size: 16px;\"><a href=\"https:\/\/www.facebook.com\/gcizmesija?fref=ts\" target=\"_blank\" rel=\"noopener noreferrer\">FB<\/a><\/span><\/td>\n<\/tr>\n<\/tbody>\n<\/table>\n<\/div>\n","protected":false},"excerpt":{"rendered":"<p>ZA\u0160TITARSKO-EKOLO\u0160KA UDRUGA\u00a0SENJAR \u010cuvamo prirodu od 1999. godine Djelujemo na podru\u010dju za\u0161tite prirode i odr\u017eivog razvoja Ekologija Kultura i umjetnost Recikliranje O\u010duvanje rijeka Odr\u017eivost O ZeuS-u Za\u0161titarsko-ekolo\u0161ka udruga \u02ddSenjar\u02dd (u daljnjem tekstu ZEUS) osnovana je 7. o\u017eujka 1999. godine kao nevladina, neprofitna organizacija s podru\u010dja za\u0161tite okoli\u0161a. U lokalnim okvirima jedina je vrlo aktivna i konkretna<\/p>\n<div class='read-more-button'><a class='read-more-link' href='https:\/\/zeus-senjar.hr\/web2\/index.php\/o-nama\/' style='border: 1px solid #2eae37'>Pro\u010ditaj vi\u0161e&#8230;<\/a><\/div>\n","protected":false},"author":1,"featured_media":0,"parent":0,"menu_order":0,"comment_status":"closed","ping_status":"closed","template":"","meta":[],"_links":{"self":[{"href":"https:\/\/zeus-senjar.hr\/web2\/index.php\/wp-json\/wp\/v2\/pages\/7"}],"collection":[{"href":"https:\/\/zeus-senjar.hr\/web2\/index.php\/wp-json\/wp\/v2\/pages"}],"about":[{"href":"https:\/\/zeus-senjar.hr\/web2\/index.php\/wp-json\/wp\/v2\/types\/page"}],"author":[{"embeddable":true,"href":"https:\/\/zeus-senjar.hr\/web2\/index.php\/wp-json\/wp\/v2\/users\/1"}],"replies":[{"embeddable":true,"href":"https:\/\/zeus-senjar.hr\/web2\/index.php\/wp-json\/wp\/v2\/comments?post=7"}],"version-history":[{"count":14,"href":"https:\/\/zeus-senjar.hr\/web2\/index.php\/wp-json\/wp\/v2\/pages\/7\/revisions"}],"predecessor-version":[{"id":684,"href":"https:\/\/zeus-senjar.hr\/web2\/index.php\/wp-json\/wp\/v2\/pages\/7\/revisions\/684"}],"wp:attachment":[{"href":"https:\/\/zeus-senjar.hr\/web2\/index.php\/wp-json\/wp\/v2\/media?parent=7"}],"curies":[{"name":"wp","href":"https:\/\/api.w.org\/{rel}","templated":true}]}}